{"id":2518,"date":"2019-05-17T07:41:46","date_gmt":"2019-05-17T05:41:46","guid":{"rendered":"https:\/\/www.creativestories.fr\/a-propos\/"},"modified":"2026-03-15T18:23:29","modified_gmt":"2026-03-15T17:23:29","slug":"a-propos","status":"publish","type":"page","link":"https:\/\/www.creativestories.fr\/en\/a-propos\/","title":{"rendered":"Creativestories_ is a studio dedicated to design, image and special projects."},"content":{"rendered":"\n<p><\/p>\n\n<p><\/p>\n\n<p><\/p>\n\n<p><\/p>\n\n<p><\/p>\n\n<p><\/p>\n\n<p><\/p>\n\n<div style=\"height:32px\" aria-hidden=\"true\" class=\"wp-block-spacer\"><\/div>\n\n<div class=\"wp-block-group alignwide\"><div class=\"wp-block-group__inner-container is-layout-flow wp-block-group-is-layout-flow\">\n<div class=\"wp-block-group alignwide\"><div class=\"wp-block-group__inner-container is-layout-flow wp-block-group-is-layout-flow\">\n<figure class=\"wp-block-image size-large\"><img decoding=\"async\" src=\"https:\/\/www.creativestories.fr\/wp-content\/uploads\/2020\/12\/creativestories.gif\" alt=\"\"\/><\/figure>\n\n\n\n<div style=\"height:40px\" aria-hidden=\"true\" class=\"wp-block-spacer\"><\/div>\n\n\n\n<p style=\"font-size:18px\"><strong>Pascale Montenay is a Creative Director and the founder of Creativestories_.<\/strong><\/p>\n\n\n\n<p>She develops projects at the intersection of image, design and objects for luxury, beauty and cultural houses.<\/p>\n\n\n\n<p>Art direction, editorial design, product design, photography and special projects: her work explores the dialogue between visual storytelling, materials and brand identity.<\/p>\n\n\n\n<p>With Creativestories_, she creates brand universes where aesthetic rigor, attention to detail and strategic vision meet.<\/p>\n\n\n\n<p style=\"font-size:18px\">Over the years, she has collaborated with leading houses and institutions such as Cartier, Chanel, Byredo, Lalique, La Poste, Saint Laurent Rive Droite, Sofitel and Tag Heuer.<\/p>\n\n\n\n<p>Telling stories, letting beauty resonate and creating distinctive, evocative worlds \u2014 this is the studio\u2019s vocation.<\/p>\n\n\n\n<p><\/p>\n\n\n\n<p style=\"font-size:18px\"><\/p>\n\n\n\n<div class=\"wp-block-columns is-layout-flex wp-container-core-columns-is-layout-28f84493 wp-block-columns-is-layout-flex\">\n<div class=\"wp-block-column is-layout-flow wp-block-column-is-layout-flow\"><\/div>\n\n\n\n<div class=\"wp-block-column is-layout-flow wp-block-column-is-layout-flow\"><\/div>\n<\/div>\n<\/div><\/div>\n<\/div><\/div>\n\n<div style=\"height:50px\" aria-hidden=\"true\" class=\"wp-block-spacer\"><\/div>\n\n<div class=\"wp-block-columns has-2-columns is-layout-flex wp-container-core-columns-is-layout-28f84493 wp-block-columns-is-layout-flex\">\n<div class=\"wp-block-column is-layout-flow wp-block-column-is-layout-flow\">\n<div class=\"wp-block-columns has-2-columns is-layout-flex wp-container-core-columns-is-layout-28f84493 wp-block-columns-is-layout-flex\">\n<div class=\"wp-block-column is-layout-flow wp-block-column-is-layout-flow\">\n<div class=\"wp-block-group\"><div class=\"wp-block-group__inner-container is-layout-flow wp-block-group-is-layout-flow\">\n<h5 class=\"wp-block-heading has-vivid-red-color has-text-color\"><strong>SELECTED CLIENTS<\/strong><\/h5>\n\n\n\n<p class=\"has-medium-font-size\"><br\/>Acad\u00e9mie des Bocuses<br\/>Affinessence<br\/>Agatha<br\/>Axcio<br\/>Ba\u00fbbo<br\/>Byredo<br\/>La Boutique Danoise<br\/>Cartier<br\/>Champagne Vranken<br\/>Champagne Pommery<br\/>Chanel<br\/>CEW France<br\/>Le Comit\u00e9 Montaigne<br\/>CMA CGM<br\/>Dorsay Parfums<br\/>Le Festival la Rochelle Cin\u00e9ma<br\/>H\u00f4tel Le Meurice<br\/>H\u00f4tel Le Plaza Ath\u00e9n\u00e9e<br\/>Iliad<br\/>Krug<br\/>Lalique<br\/>La Poste<br\/>Lucas Carton<br\/>Oberdream<br\/>Le Pavillon Ledoyen<br\/>QK Productions<br\/>Richardot<br\/>Retrouv\u00e9<br\/>Saint Laurent RIve Droite<br\/>Smartboat<br\/>Sofitel<br\/>Tag Heuer<br\/><\/p>\n<\/div><\/div>\n\n\n\n<p><\/p>\n<\/div>\n\n\n\n<div class=\"wp-block-column is-layout-flow wp-block-column-is-layout-flow\"><\/div>\n<\/div>\n<\/div>\n\n\n\n<div class=\"wp-block-column is-layout-flow wp-block-column-is-layout-flow\" style=\"flex-basis:0%\"><\/div>\n<\/div>\n","protected":false},"excerpt":{"rendered":"<p>Pascale Montenay is a Creative Director and the founder of Creativestories_. She<\/p>\n","protected":false},"author":1,"featured_media":0,"parent":0,"menu_order":0,"comment_status":"closed","ping_status":"closed","template":"","meta":{"_monsterinsights_skip_tracking":false,"_monsterinsights_sitenote_active":false,"_monsterinsights_sitenote_note":"","_monsterinsights_sitenote_category":0,"footnotes":""},"class_list":["post-2518","page","type-page","status-publish","hentry"],"yoast_head":"<!-- This site is optimized with the Yoast SEO plugin v27.1.1 - https:\/\/yoast.com\/product\/yoast-seo-wordpress\/ -->\n<title>Luxury Creative Studio &amp; Art Direction \u2014 Creativestories_<\/title>\n<meta name=\"description\" content=\"A creative studio founded by Pascale Montenay. Design, art direction, branding and image production for distinctive and poetic worlds.\" \/>\n<meta name=\"robots\" content=\"index, follow, max-snippet:-1, max-image-preview:large, max-video-preview:-1\" \/>\n<link rel=\"canonical\" href=\"https:\/\/www.creativestories.fr\/en\/a-propos\/\" \/>\n<meta property=\"og:locale\" content=\"en_US\" \/>\n<meta property=\"og:type\" content=\"article\" \/>\n<meta property=\"og:title\" content=\"Luxury Creative Studio &amp; Art Direction \u2014 Creativestories_\" \/>\n<meta property=\"og:description\" content=\"A creative studio founded by Pascale Montenay. Design, art direction, branding and image production for distinctive and poetic worlds.\" \/>\n<meta property=\"og:url\" content=\"https:\/\/www.creativestories.fr\/en\/a-propos\/\" \/>\n<meta property=\"og:site_name\" content=\"CreativeStories\" \/>\n<meta property=\"article:modified_time\" content=\"2026-03-15T17:23:29+00:00\" \/>\n<meta property=\"og:image\" content=\"https:\/\/www.creativestories.fr\/wp-content\/uploads\/2020\/12\/creativestories.gif\" \/>\n<meta name=\"twitter:card\" content=\"summary_large_image\" \/>\n<meta name=\"twitter:label1\" content=\"Est. reading time\" \/>\n\t<meta name=\"twitter:data1\" content=\"2 minutes\" \/>\n<script type=\"application\/ld+json\" class=\"yoast-schema-graph\">{\"@context\":\"https:\/\/schema.org\",\"@graph\":[{\"@type\":\"WebPage\",\"@id\":\"https:\/\/www.creativestories.fr\/en\/a-propos\/\",\"url\":\"https:\/\/www.creativestories.fr\/en\/a-propos\/\",\"name\":\"Luxury Creative Studio & Art Direction \u2014 Creativestories_\",\"isPartOf\":{\"@id\":\"https:\/\/www.creativestories.fr\/en\/#website\"},\"primaryImageOfPage\":{\"@id\":\"https:\/\/www.creativestories.fr\/en\/a-propos\/#primaryimage\"},\"image\":{\"@id\":\"https:\/\/www.creativestories.fr\/en\/a-propos\/#primaryimage\"},\"thumbnailUrl\":\"https:\/\/www.creativestories.fr\/wp-content\/uploads\/2020\/12\/creativestories.gif\",\"datePublished\":\"2019-05-17T05:41:46+00:00\",\"dateModified\":\"2026-03-15T17:23:29+00:00\",\"description\":\"A creative studio founded by Pascale Montenay. Design, art direction, branding and image production for distinctive and poetic worlds.\",\"breadcrumb\":{\"@id\":\"https:\/\/www.creativestories.fr\/en\/a-propos\/#breadcrumb\"},\"inLanguage\":\"en-US\",\"potentialAction\":[{\"@type\":\"ReadAction\",\"target\":[\"https:\/\/www.creativestories.fr\/en\/a-propos\/\"]}]},{\"@type\":\"ImageObject\",\"inLanguage\":\"en-US\",\"@id\":\"https:\/\/www.creativestories.fr\/en\/a-propos\/#primaryimage\",\"url\":\"https:\/\/www.creativestories.fr\/wp-content\/uploads\/2020\/12\/creativestories.gif\",\"contentUrl\":\"https:\/\/www.creativestories.fr\/wp-content\/uploads\/2020\/12\/creativestories.gif\"},{\"@type\":\"BreadcrumbList\",\"@id\":\"https:\/\/www.creativestories.fr\/en\/a-propos\/#breadcrumb\",\"itemListElement\":[{\"@type\":\"ListItem\",\"position\":1,\"name\":\"Accueil\",\"item\":\"https:\/\/www.creativestories.fr\/en\/\"},{\"@type\":\"ListItem\",\"position\":2,\"name\":\"Creativestories_ is a studio dedicated to design, image and special projects.\"}]},{\"@type\":\"WebSite\",\"@id\":\"https:\/\/www.creativestories.fr\/en\/#website\",\"url\":\"https:\/\/www.creativestories.fr\/en\/\",\"name\":\"CreativeStories\",\"description\":\"Agence de communication\",\"publisher\":{\"@id\":\"https:\/\/www.creativestories.fr\/en\/#organization\"},\"potentialAction\":[{\"@type\":\"SearchAction\",\"target\":{\"@type\":\"EntryPoint\",\"urlTemplate\":\"https:\/\/www.creativestories.fr\/en\/?s={search_term_string}\"},\"query-input\":{\"@type\":\"PropertyValueSpecification\",\"valueRequired\":true,\"valueName\":\"search_term_string\"}}],\"inLanguage\":\"en-US\"},{\"@type\":\"Organization\",\"@id\":\"https:\/\/www.creativestories.fr\/en\/#organization\",\"name\":\"CreativeStories\",\"url\":\"https:\/\/www.creativestories.fr\/en\/\",\"logo\":{\"@type\":\"ImageObject\",\"inLanguage\":\"en-US\",\"@id\":\"https:\/\/www.creativestories.fr\/en\/#\/schema\/logo\/image\/\",\"url\":\"https:\/\/www.creativestories.fr\/wp-content\/uploads\/2020\/11\/LOGO-CREATIVESTORIES.gif\",\"contentUrl\":\"https:\/\/www.creativestories.fr\/wp-content\/uploads\/2020\/11\/LOGO-CREATIVESTORIES.gif\",\"width\":1080,\"height\":940,\"caption\":\"CreativeStories\"},\"image\":{\"@id\":\"https:\/\/www.creativestories.fr\/en\/#\/schema\/logo\/image\/\"},\"sameAs\":[\"https:\/\/www.instagram.com\/pascale_montenay\/\"]}]}<\/script>\n<!-- \/ Yoast SEO plugin. -->","yoast_head_json":{"title":"Luxury Creative Studio & Art Direction \u2014 Creativestories_","description":"A creative studio founded by Pascale Montenay. Design, art direction, branding and image production for distinctive and poetic worlds.","robots":{"index":"index","follow":"follow","max-snippet":"max-snippet:-1","max-image-preview":"max-image-preview:large","max-video-preview":"max-video-preview:-1"},"canonical":"https:\/\/www.creativestories.fr\/en\/a-propos\/","og_locale":"en_US","og_type":"article","og_title":"Luxury Creative Studio & Art Direction \u2014 Creativestories_","og_description":"A creative studio founded by Pascale Montenay. Design, art direction, branding and image production for distinctive and poetic worlds.","og_url":"https:\/\/www.creativestories.fr\/en\/a-propos\/","og_site_name":"CreativeStories","article_modified_time":"2026-03-15T17:23:29+00:00","og_image":[{"url":"https:\/\/www.creativestories.fr\/wp-content\/uploads\/2020\/12\/creativestories.gif","type":"","width":"","height":""}],"twitter_card":"summary_large_image","twitter_misc":{"Est. reading time":"2 minutes"},"schema":{"@context":"https:\/\/schema.org","@graph":[{"@type":"WebPage","@id":"https:\/\/www.creativestories.fr\/en\/a-propos\/","url":"https:\/\/www.creativestories.fr\/en\/a-propos\/","name":"Luxury Creative Studio & Art Direction \u2014 Creativestories_","isPartOf":{"@id":"https:\/\/www.creativestories.fr\/en\/#website"},"primaryImageOfPage":{"@id":"https:\/\/www.creativestories.fr\/en\/a-propos\/#primaryimage"},"image":{"@id":"https:\/\/www.creativestories.fr\/en\/a-propos\/#primaryimage"},"thumbnailUrl":"https:\/\/www.creativestories.fr\/wp-content\/uploads\/2020\/12\/creativestories.gif","datePublished":"2019-05-17T05:41:46+00:00","dateModified":"2026-03-15T17:23:29+00:00","description":"A creative studio founded by Pascale Montenay. Design, art direction, branding and image production for distinctive and poetic worlds.","breadcrumb":{"@id":"https:\/\/www.creativestories.fr\/en\/a-propos\/#breadcrumb"},"inLanguage":"en-US","potentialAction":[{"@type":"ReadAction","target":["https:\/\/www.creativestories.fr\/en\/a-propos\/"]}]},{"@type":"ImageObject","inLanguage":"en-US","@id":"https:\/\/www.creativestories.fr\/en\/a-propos\/#primaryimage","url":"https:\/\/www.creativestories.fr\/wp-content\/uploads\/2020\/12\/creativestories.gif","contentUrl":"https:\/\/www.creativestories.fr\/wp-content\/uploads\/2020\/12\/creativestories.gif"},{"@type":"BreadcrumbList","@id":"https:\/\/www.creativestories.fr\/en\/a-propos\/#breadcrumb","itemListElement":[{"@type":"ListItem","position":1,"name":"Accueil","item":"https:\/\/www.creativestories.fr\/en\/"},{"@type":"ListItem","position":2,"name":"Creativestories_ is a studio dedicated to design, image and special projects."}]},{"@type":"WebSite","@id":"https:\/\/www.creativestories.fr\/en\/#website","url":"https:\/\/www.creativestories.fr\/en\/","name":"CreativeStories","description":"Agence de communication","publisher":{"@id":"https:\/\/www.creativestories.fr\/en\/#organization"},"potentialAction":[{"@type":"SearchAction","target":{"@type":"EntryPoint","urlTemplate":"https:\/\/www.creativestories.fr\/en\/?s={search_term_string}"},"query-input":{"@type":"PropertyValueSpecification","valueRequired":true,"valueName":"search_term_string"}}],"inLanguage":"en-US"},{"@type":"Organization","@id":"https:\/\/www.creativestories.fr\/en\/#organization","name":"CreativeStories","url":"https:\/\/www.creativestories.fr\/en\/","logo":{"@type":"ImageObject","inLanguage":"en-US","@id":"https:\/\/www.creativestories.fr\/en\/#\/schema\/logo\/image\/","url":"https:\/\/www.creativestories.fr\/wp-content\/uploads\/2020\/11\/LOGO-CREATIVESTORIES.gif","contentUrl":"https:\/\/www.creativestories.fr\/wp-content\/uploads\/2020\/11\/LOGO-CREATIVESTORIES.gif","width":1080,"height":940,"caption":"CreativeStories"},"image":{"@id":"https:\/\/www.creativestories.fr\/en\/#\/schema\/logo\/image\/"},"sameAs":["https:\/\/www.instagram.com\/pascale_montenay\/"]}]}},"_links":{"self":[{"href":"https:\/\/www.creativestories.fr\/en\/wp-json\/wp\/v2\/pages\/2518","targetHints":{"allow":["GET"]}}],"collection":[{"href":"https:\/\/www.creativestories.fr\/en\/wp-json\/wp\/v2\/pages"}],"about":[{"href":"https:\/\/www.creativestories.fr\/en\/wp-json\/wp\/v2\/types\/page"}],"author":[{"embeddable":true,"href":"https:\/\/www.creativestories.fr\/en\/wp-json\/wp\/v2\/users\/1"}],"replies":[{"embeddable":true,"href":"https:\/\/www.creativestories.fr\/en\/wp-json\/wp\/v2\/comments?post=2518"}],"version-history":[{"count":16,"href":"https:\/\/www.creativestories.fr\/en\/wp-json\/wp\/v2\/pages\/2518\/revisions"}],"predecessor-version":[{"id":2955,"href":"https:\/\/www.creativestories.fr\/en\/wp-json\/wp\/v2\/pages\/2518\/revisions\/2955"}],"wp:attachment":[{"href":"https:\/\/www.creativestories.fr\/en\/wp-json\/wp\/v2\/media?parent=2518"}],"curies":[{"name":"wp","href":"https:\/\/api.w.org\/{rel}","templated":true}]}}